{"id":796,"date":"2024-11-25T01:19:44","date_gmt":"2024-11-25T00:19:44","guid":{"rendered":"https:\/\/revivacanarias.com\/?page_id=796"},"modified":"2025-01-23T13:47:39","modified_gmt":"2025-01-23T12:47:39","slug":"alquiler-tradicional","status":"publish","type":"page","link":"https:\/\/revivacanarias.com\/en\/alquiler-tradicional\/","title":{"rendered":"Alquiler Larga Temporada"},"content":{"rendered":"<div data-elementor-type=\"wp-page\" data-elementor-id=\"796\" class=\"elementor elementor-796\" data-elementor-post-type=\"page\">\n\t\t\t\t<div class=\"elementor-element elementor-element-62ed71f3 e-flex e-con-boxed e-con e-parent\" data-id=\"62ed71f3\" data-element_type=\"container\" data-e-type=\"container\" data-settings=\"{&quot;background_background&quot;:&quot;classic&quot;}\">\n\t\t\t\t\t<div class=\"e-con-inner\">\n\t\t<div class=\"elementor-element elementor-element-3702056e e-con-full e-flex e-con e-child\" data-id=\"3702056e\" data-element_type=\"container\" data-e-type=\"container\">\n\t\t\t\t<div class=\"elementor-element elementor-element-2c71a6e8 elementor-invisible elementor-widget elementor-widget-heading\" data-id=\"2c71a6e8\" data-element_type=\"widget\" data-e-type=\"widget\" data-settings=\"{&quot;_animation&quot;:&quot;fadeIn&quot;}\" data-widget_type=\"heading.default\">\n\t\t\t\t<div class=\"elementor-widget-container\">\n\t\t\t\t\t<h1 class=\"elementor-heading-title elementor-size-default\">Alquiler Larga Temporada<\/h1>\t\t\t\t<\/div>\n\t\t\t\t<\/div>\n\t\t\t\t<div class=\"elementor-element elementor-element-4d57a5a8 elementor-widget elementor-widget-text-editor\" data-id=\"4d57a5a8\" data-element_type=\"widget\" data-e-type=\"widget\" data-widget_type=\"text-editor.default\">\n\t\t\t\t<div class=\"elementor-widget-container\">\n\t\t\t\t\t\t\t\t\t<p>Encuentra el apartamento ideal para tus vacaciones en Tenerife Norte. Lugares \u00fanicos, equipados y listos para que disfrutes de una experiencia inolvidable.<\/p>\t\t\t\t\t\t\t\t<\/div>\n\t\t\t\t<\/div>\n\t\t\t\t<\/div>\n\t\t\t\t\t<\/div>\n\t\t\t\t<\/div>\n\t\t<div class=\"elementor-element elementor-element-77fe65e2 e-flex e-con-boxed e-con e-parent\" data-id=\"77fe65e2\" data-element_type=\"container\" data-e-type=\"container\" data-settings=\"{&quot;background_background&quot;:&quot;classic&quot;}\">\n\t\t\t\t\t<div class=\"e-con-inner\">\n\t\t<div class=\"elementor-element elementor-element-70dda25a e-con-full e-flex e-con e-child\" data-id=\"70dda25a\" data-element_type=\"container\" data-e-type=\"container\">\n\t\t<div class=\"elementor-element elementor-element-7cded58f e-flex e-con-boxed e-con e-child\" data-id=\"7cded58f\" data-element_type=\"container\" data-e-type=\"container\">\n\t\t\t\t\t<div class=\"e-con-inner\">\n\t\t\t\t<div class=\"elementor-element elementor-element-321bc5a0 elementor-widget__width-initial elementor-widget-tablet__width-initial elementor-widget-mobile__width-inherit elementor-widget elementor-widget-image-box\" data-id=\"321bc5a0\" data-element_type=\"widget\" data-e-type=\"widget\" data-widget_type=\"image-box.default\">\n\t\t\t\t<div class=\"elementor-widget-container\">\n\t\t\t\t\t<div class=\"elementor-image-box-wrapper\"><div class=\"elementor-image-box-content\"><h2 class=\"elementor-image-box-title\">Vienes una larga temporada, descubre los apartamentos Reviva<\/h2><\/div><\/div>\t\t\t\t<\/div>\n\t\t\t\t<\/div>\n\t\t\t\t\t<\/div>\n\t\t\t\t<\/div>\n\t\t<div class=\"elementor-element elementor-element-638e1c26 e-con-full e-flex e-con e-child\" data-id=\"638e1c26\" data-element_type=\"container\" data-e-type=\"container\">\n\t\t<div class=\"elementor-element elementor-element-30a86b99 e-con-full e-flex e-con e-child\" data-id=\"30a86b99\" data-element_type=\"container\" data-e-type=\"container\">\n\t\t\t\t<div class=\"elementor-element elementor-element-7f17336a elementor-arrows-position-inside elementor-pagination-position-outside elementor-widget elementor-widget-image-carousel\" data-id=\"7f17336a\" data-element_type=\"widget\" data-e-type=\"widget\" data-settings=\"{&quot;slides_to_show&quot;:&quot;1&quot;,&quot;effect&quot;:&quot;fade&quot;,&quot;navigation&quot;:&quot;both&quot;,&quot;infinite&quot;:&quot;yes&quot;,&quot;speed&quot;:500}\" data-widget_type=\"image-carousel.default\">\n\t\t\t\t<div class=\"elementor-widget-container\">\n\t\t\t\t\t\t\t<div class=\"elementor-image-carousel-wrapper swiper\" role=\"region\" aria-roledescription=\"carousel\" aria-label=\"Carrusel de im\u00e1genes\" dir=\"ltr\">\n\t\t\t<div class=\"elementor-image-carousel swiper-wrapper\" aria-live=\"polite\">\n\t\t\t\t\t\t\t\t<div class=\"swiper-slide\" role=\"group\" aria-roledescription=\"slide\" aria-label=\"1 de 12\"><a data-elementor-open-lightbox=\"yes\" data-elementor-lightbox-slideshow=\"7f17336a\" data-elementor-lightbox-title=\"IMG-20250122-WA0013\" data-e-action-hash=\"#elementor-action%3Aaction%3Dlightbox%26settings%3DeyJpZCI6MTQzMCwidXJsIjoiaHR0cHM6XC9cL3Jldml2YWNhbmFyaWFzLmNvbVwvd3AtY29udGVudFwvdXBsb2Fkc1wvMjAyNVwvMDFcL0lNRy0yMDI1MDEyMi1XQTAwMTMuanBnIiwic2xpZGVzaG93IjoiN2YxNzMzNmEifQ%3D%3D\" href=\"https:\/\/new.rentalsunited.com\/Property\/3898410?df=13\/12\/2024&#038;dt=18\/12\/2024&#038;nop=2&#038;sc=725601\" target=\"_blank\"><figure class=\"swiper-slide-inner\"><img decoding=\"async\" class=\"swiper-slide-image\" src=\"https:\/\/revivacanarias.com\/wp-content\/uploads\/2025\/01\/IMG-20250122-WA0013.jpg\" alt=\"IMG-20250122-WA0013\" \/><\/figure><\/a><\/div><div class=\"swiper-slide\" role=\"group\" aria-roledescription=\"slide\" aria-label=\"2 de 12\"><a data-elementor-open-lightbox=\"yes\" data-elementor-lightbox-slideshow=\"7f17336a\" data-elementor-lightbox-title=\"IMG-20250122-WA0014\" data-e-action-hash=\"#elementor-action%3Aaction%3Dlightbox%26settings%3DeyJpZCI6MTQzMSwidXJsIjoiaHR0cHM6XC9cL3Jldml2YWNhbmFyaWFzLmNvbVwvd3AtY29udGVudFwvdXBsb2Fkc1wvMjAyNVwvMDFcL0lNRy0yMDI1MDEyMi1XQTAwMTQuanBnIiwic2xpZGVzaG93IjoiN2YxNzMzNmEifQ%3D%3D\" href=\"https:\/\/new.rentalsunited.com\/Property\/3898410?df=13\/12\/2024&#038;dt=18\/12\/2024&#038;nop=2&#038;sc=725601\" target=\"_blank\"><figure class=\"swiper-slide-inner\"><img decoding=\"async\" class=\"swiper-slide-image\" src=\"https:\/\/revivacanarias.com\/wp-content\/uploads\/2025\/01\/IMG-20250122-WA0014.jpg\" alt=\"IMG-20250122-WA0014\" \/><\/figure><\/a><\/div><div class=\"swiper-slide\" role=\"group\" aria-roledescription=\"slide\" aria-label=\"3 de 12\"><a data-elementor-open-lightbox=\"yes\" data-elementor-lightbox-slideshow=\"7f17336a\" data-elementor-lightbox-title=\"IMG-20250122-WA0015\" data-e-action-hash=\"#elementor-action%3Aaction%3Dlightbox%26settings%3DeyJpZCI6MTQzMiwidXJsIjoiaHR0cHM6XC9cL3Jldml2YWNhbmFyaWFzLmNvbVwvd3AtY29udGVudFwvdXBsb2Fkc1wvMjAyNVwvMDFcL0lNRy0yMDI1MDEyMi1XQTAwMTUuanBnIiwic2xpZGVzaG93IjoiN2YxNzMzNmEifQ%3D%3D\" href=\"https:\/\/new.rentalsunited.com\/Property\/3898410?df=13\/12\/2024&#038;dt=18\/12\/2024&#038;nop=2&#038;sc=725601\" target=\"_blank\"><figure class=\"swiper-slide-inner\"><img decoding=\"async\" class=\"swiper-slide-image\" src=\"https:\/\/revivacanarias.com\/wp-content\/uploads\/2025\/01\/IMG-20250122-WA0015.jpg\" alt=\"IMG-20250122-WA0015\" \/><\/figure><\/a><\/div><div class=\"swiper-slide\" role=\"group\" aria-roledescription=\"slide\" aria-label=\"4 de 12\"><a data-elementor-open-lightbox=\"yes\" data-elementor-lightbox-slideshow=\"7f17336a\" data-elementor-lightbox-title=\"IMG-20250122-WA0016\" data-e-action-hash=\"#elementor-action%3Aaction%3Dlightbox%26settings%3DeyJpZCI6MTQzMywidXJsIjoiaHR0cHM6XC9cL3Jldml2YWNhbmFyaWFzLmNvbVwvd3AtY29udGVudFwvdXBsb2Fkc1wvMjAyNVwvMDFcL0lNRy0yMDI1MDEyMi1XQTAwMTYuanBnIiwic2xpZGVzaG93IjoiN2YxNzMzNmEifQ%3D%3D\" href=\"https:\/\/new.rentalsunited.com\/Property\/3898410?df=13\/12\/2024&#038;dt=18\/12\/2024&#038;nop=2&#038;sc=725601\" target=\"_blank\"><figure class=\"swiper-slide-inner\"><img decoding=\"async\" class=\"swiper-slide-image\" src=\"https:\/\/revivacanarias.com\/wp-content\/uploads\/2025\/01\/IMG-20250122-WA0016.jpg\" alt=\"IMG-20250122-WA0016\" \/><\/figure><\/a><\/div><div class=\"swiper-slide\" role=\"group\" aria-roledescription=\"slide\" aria-label=\"5 de 12\"><a data-elementor-open-lightbox=\"yes\" data-elementor-lightbox-slideshow=\"7f17336a\" data-elementor-lightbox-title=\"IMG-20250122-WA0017\" data-e-action-hash=\"#elementor-action%3Aaction%3Dlightbox%26settings%3DeyJpZCI6MTQzNCwidXJsIjoiaHR0cHM6XC9cL3Jldml2YWNhbmFyaWFzLmNvbVwvd3AtY29udGVudFwvdXBsb2Fkc1wvMjAyNVwvMDFcL0lNRy0yMDI1MDEyMi1XQTAwMTcuanBnIiwic2xpZGVzaG93IjoiN2YxNzMzNmEifQ%3D%3D\" href=\"https:\/\/new.rentalsunited.com\/Property\/3898410?df=13\/12\/2024&#038;dt=18\/12\/2024&#038;nop=2&#038;sc=725601\" target=\"_blank\"><figure class=\"swiper-slide-inner\"><img decoding=\"async\" class=\"swiper-slide-image\" src=\"https:\/\/revivacanarias.com\/wp-content\/uploads\/2025\/01\/IMG-20250122-WA0017.jpg\" alt=\"IMG-20250122-WA0017\" \/><\/figure><\/a><\/div><div class=\"swiper-slide\" role=\"group\" aria-roledescription=\"slide\" aria-label=\"6 de 12\"><a data-elementor-open-lightbox=\"yes\" data-elementor-lightbox-slideshow=\"7f17336a\" data-elementor-lightbox-title=\"IMG-20250122-WA0018\" data-e-action-hash=\"#elementor-action%3Aaction%3Dlightbox%26settings%3DeyJpZCI6MTQzNSwidXJsIjoiaHR0cHM6XC9cL3Jldml2YWNhbmFyaWFzLmNvbVwvd3AtY29udGVudFwvdXBsb2Fkc1wvMjAyNVwvMDFcL0lNRy0yMDI1MDEyMi1XQTAwMTguanBnIiwic2xpZGVzaG93IjoiN2YxNzMzNmEifQ%3D%3D\" href=\"https:\/\/new.rentalsunited.com\/Property\/3898410?df=13\/12\/2024&#038;dt=18\/12\/2024&#038;nop=2&#038;sc=725601\" target=\"_blank\"><figure class=\"swiper-slide-inner\"><img decoding=\"async\" class=\"swiper-slide-image\" src=\"https:\/\/revivacanarias.com\/wp-content\/uploads\/2025\/01\/IMG-20250122-WA0018.jpg\" alt=\"IMG-20250122-WA0018\" \/><\/figure><\/a><\/div><div class=\"swiper-slide\" role=\"group\" aria-roledescription=\"slide\" aria-label=\"7 de 12\"><a data-elementor-open-lightbox=\"yes\" data-elementor-lightbox-slideshow=\"7f17336a\" data-elementor-lightbox-title=\"IMG-20250122-WA0019\" data-e-action-hash=\"#elementor-action%3Aaction%3Dlightbox%26settings%3DeyJpZCI6MTQzNiwidXJsIjoiaHR0cHM6XC9cL3Jldml2YWNhbmFyaWFzLmNvbVwvd3AtY29udGVudFwvdXBsb2Fkc1wvMjAyNVwvMDFcL0lNRy0yMDI1MDEyMi1XQTAwMTkuanBnIiwic2xpZGVzaG93IjoiN2YxNzMzNmEifQ%3D%3D\" href=\"https:\/\/new.rentalsunited.com\/Property\/3898410?df=13\/12\/2024&#038;dt=18\/12\/2024&#038;nop=2&#038;sc=725601\" target=\"_blank\"><figure class=\"swiper-slide-inner\"><img decoding=\"async\" class=\"swiper-slide-image\" src=\"https:\/\/revivacanarias.com\/wp-content\/uploads\/2025\/01\/IMG-20250122-WA0019.jpg\" alt=\"IMG-20250122-WA0019\" \/><\/figure><\/a><\/div><div class=\"swiper-slide\" role=\"group\" aria-roledescription=\"slide\" aria-label=\"8 de 12\"><a data-elementor-open-lightbox=\"yes\" data-elementor-lightbox-slideshow=\"7f17336a\" data-elementor-lightbox-title=\"IMG-20250122-WA0020\" data-e-action-hash=\"#elementor-action%3Aaction%3Dlightbox%26settings%3DeyJpZCI6MTQzNywidXJsIjoiaHR0cHM6XC9cL3Jldml2YWNhbmFyaWFzLmNvbVwvd3AtY29udGVudFwvdXBsb2Fkc1wvMjAyNVwvMDFcL0lNRy0yMDI1MDEyMi1XQTAwMjAuanBnIiwic2xpZGVzaG93IjoiN2YxNzMzNmEifQ%3D%3D\" href=\"https:\/\/new.rentalsunited.com\/Property\/3898410?df=13\/12\/2024&#038;dt=18\/12\/2024&#038;nop=2&#038;sc=725601\" target=\"_blank\"><figure class=\"swiper-slide-inner\"><img decoding=\"async\" class=\"swiper-slide-image\" src=\"https:\/\/revivacanarias.com\/wp-content\/uploads\/2025\/01\/IMG-20250122-WA0020.jpg\" alt=\"IMG-20250122-WA0020\" \/><\/figure><\/a><\/div><div class=\"swiper-slide\" role=\"group\" aria-roledescription=\"slide\" aria-label=\"9 de 12\"><a data-elementor-open-lightbox=\"yes\" data-elementor-lightbox-slideshow=\"7f17336a\" data-elementor-lightbox-title=\"IMG-20250122-WA0021\" data-e-action-hash=\"#elementor-action%3Aaction%3Dlightbox%26settings%3DeyJpZCI6MTQzOCwidXJsIjoiaHR0cHM6XC9cL3Jldml2YWNhbmFyaWFzLmNvbVwvd3AtY29udGVudFwvdXBsb2Fkc1wvMjAyNVwvMDFcL0lNRy0yMDI1MDEyMi1XQTAwMjEuanBnIiwic2xpZGVzaG93IjoiN2YxNzMzNmEifQ%3D%3D\" href=\"https:\/\/new.rentalsunited.com\/Property\/3898410?df=13\/12\/2024&#038;dt=18\/12\/2024&#038;nop=2&#038;sc=725601\" target=\"_blank\"><figure class=\"swiper-slide-inner\"><img decoding=\"async\" class=\"swiper-slide-image\" src=\"https:\/\/revivacanarias.com\/wp-content\/uploads\/2025\/01\/IMG-20250122-WA0021.jpg\" alt=\"IMG-20250122-WA0021\" \/><\/figure><\/a><\/div><div class=\"swiper-slide\" role=\"group\" aria-roledescription=\"slide\" aria-label=\"10 de 12\"><a data-elementor-open-lightbox=\"yes\" data-elementor-lightbox-slideshow=\"7f17336a\" data-elementor-lightbox-title=\"IMG-20250122-WA0022\" data-e-action-hash=\"#elementor-action%3Aaction%3Dlightbox%26settings%3DeyJpZCI6MTQzOSwidXJsIjoiaHR0cHM6XC9cL3Jldml2YWNhbmFyaWFzLmNvbVwvd3AtY29udGVudFwvdXBsb2Fkc1wvMjAyNVwvMDFcL0lNRy0yMDI1MDEyMi1XQTAwMjIuanBnIiwic2xpZGVzaG93IjoiN2YxNzMzNmEifQ%3D%3D\" href=\"https:\/\/new.rentalsunited.com\/Property\/3898410?df=13\/12\/2024&#038;dt=18\/12\/2024&#038;nop=2&#038;sc=725601\" target=\"_blank\"><figure class=\"swiper-slide-inner\"><img decoding=\"async\" class=\"swiper-slide-image\" src=\"https:\/\/revivacanarias.com\/wp-content\/uploads\/2025\/01\/IMG-20250122-WA0022.jpg\" alt=\"IMG-20250122-WA0022\" \/><\/figure><\/a><\/div><div class=\"swiper-slide\" role=\"group\" aria-roledescription=\"slide\" aria-label=\"11 de 12\"><a data-elementor-open-lightbox=\"yes\" data-elementor-lightbox-slideshow=\"7f17336a\" data-elementor-lightbox-title=\"IMG-20250122-WA0023\" data-e-action-hash=\"#elementor-action%3Aaction%3Dlightbox%26settings%3DeyJpZCI6MTQ0MCwidXJsIjoiaHR0cHM6XC9cL3Jldml2YWNhbmFyaWFzLmNvbVwvd3AtY29udGVudFwvdXBsb2Fkc1wvMjAyNVwvMDFcL0lNRy0yMDI1MDEyMi1XQTAwMjMuanBnIiwic2xpZGVzaG93IjoiN2YxNzMzNmEifQ%3D%3D\" href=\"https:\/\/new.rentalsunited.com\/Property\/3898410?df=13\/12\/2024&#038;dt=18\/12\/2024&#038;nop=2&#038;sc=725601\" target=\"_blank\"><figure class=\"swiper-slide-inner\"><img decoding=\"async\" class=\"swiper-slide-image\" src=\"https:\/\/revivacanarias.com\/wp-content\/uploads\/2025\/01\/IMG-20250122-WA0023.jpg\" alt=\"IMG-20250122-WA0023\" \/><\/figure><\/a><\/div><div class=\"swiper-slide\" role=\"group\" aria-roledescription=\"slide\" aria-label=\"12 de 12\"><a data-elementor-open-lightbox=\"yes\" data-elementor-lightbox-slideshow=\"7f17336a\" data-elementor-lightbox-title=\"IMG-20250122-WA0024\" data-e-action-hash=\"#elementor-action%3Aaction%3Dlightbox%26settings%3DeyJpZCI6MTQ0MSwidXJsIjoiaHR0cHM6XC9cL3Jldml2YWNhbmFyaWFzLmNvbVwvd3AtY29udGVudFwvdXBsb2Fkc1wvMjAyNVwvMDFcL0lNRy0yMDI1MDEyMi1XQTAwMjQuanBnIiwic2xpZGVzaG93IjoiN2YxNzMzNmEifQ%3D%3D\" href=\"https:\/\/new.rentalsunited.com\/Property\/3898410?df=13\/12\/2024&#038;dt=18\/12\/2024&#038;nop=2&#038;sc=725601\" target=\"_blank\"><figure class=\"swiper-slide-inner\"><img decoding=\"async\" class=\"swiper-slide-image\" src=\"https:\/\/revivacanarias.com\/wp-content\/uploads\/2025\/01\/IMG-20250122-WA0024.jpg\" alt=\"IMG-20250122-WA0024\" \/><\/figure><\/a><\/div>\t\t\t<\/div>\n\t\t\t\t\t\t\t\t\t\t\t\t<div class=\"elementor-swiper-button elementor-swiper-button-prev\" role=\"button\" tabindex=\"0\">\n\t\t\t\t\t\t<svg aria-hidden=\"true\" class=\"e-font-icon-svg e-eicon-chevron-left\" viewbox=\"0 0 1000 1000\" xmlns=\"http:\/\/www.w3.org\/2000\/svg\"><path d=\"M646 125C629 125 613 133 604 142L308 442C296 454 292 471 292 487 292 504 296 521 308 533L604 854C617 867 629 875 646 875 663 875 679 871 692 858 704 846 713 829 713 812 713 796 708 779 692 767L438 487 692 225C700 217 708 204 708 187 708 171 704 154 692 142 675 129 663 125 646 125Z\"><\/path><\/svg>\t\t\t\t\t<\/div>\n\t\t\t\t\t<div class=\"elementor-swiper-button elementor-swiper-button-next\" role=\"button\" tabindex=\"0\">\n\t\t\t\t\t\t<svg aria-hidden=\"true\" class=\"e-font-icon-svg e-eicon-chevron-right\" viewbox=\"0 0 1000 1000\" xmlns=\"http:\/\/www.w3.org\/2000\/svg\"><path d=\"M696 533C708 521 713 504 713 487 713 471 708 454 696 446L400 146C388 133 375 125 354 125 338 125 325 129 313 142 300 154 292 171 292 187 292 204 296 221 308 233L563 492 304 771C292 783 288 800 288 817 288 833 296 850 308 863 321 871 338 875 354 875 371 875 388 867 400 854L696 533Z\"><\/path><\/svg>\t\t\t\t\t<\/div>\n\t\t\t\t\n\t\t\t\t\t\t\t\t\t<div class=\"swiper-pagination\"><\/div>\n\t\t\t\t\t\t\t\t\t<\/div>\n\t\t\t\t\t\t<\/div>\n\t\t\t\t<\/div>\n\t\t\t\t<div class=\"elementor-element elementor-element-3353bcf2 elementor-widget elementor-widget-image-box\" data-id=\"3353bcf2\" data-element_type=\"widget\" data-e-type=\"widget\" data-widget_type=\"image-box.default\">\n\t\t\t\t<div class=\"elementor-widget-container\">\n\t\t\t\t\t<div class=\"elementor-image-box-wrapper\"><div class=\"elementor-image-box-content\"><h3 class=\"elementor-image-box-title\">Casa Luz<\/h3><p class=\"elementor-image-box-description\">Apartamento en el coraz\u00f3n de Bajamar, donde comodidad y conveniencia se unen para ofrecerte una experiencia \u00fanica. Situado en pr\u00e1cticamente en el centro, este alojamiento te brinda acceso directo a todos los servicios esenciales, desde tiendas y restaurantes hasta transporte p\u00fablico, todo a pocos pasos de distancia. Decorado con todo el cari\u00f1o y con unas maravillosas vistas al mar para hacer de tu estancia un recuerdo inolvidable. \n\n<\/p><\/div><\/div>\t\t\t\t<\/div>\n\t\t\t\t<\/div>\n\t\t\t\t<div class=\"elementor-element elementor-element-5e5e3578 elementor-widget elementor-widget-button\" data-id=\"5e5e3578\" data-element_type=\"widget\" data-e-type=\"widget\" data-widget_type=\"button.default\">\n\t\t\t\t<div class=\"elementor-widget-container\">\n\t\t\t\t\t\t\t\t\t<div class=\"elementor-button-wrapper\">\n\t\t\t\t\t<a class=\"elementor-button elementor-button-link elementor-size-sm\" href=\"https:\/\/wa.me\/+34636364930\" target=\"_blank\">\n\t\t\t\t\t\t<span class=\"elementor-button-content-wrapper\">\n\t\t\t\t\t\t\t\t\t<span class=\"elementor-button-text\">Reservar<\/span>\n\t\t\t\t\t<\/span>\n\t\t\t\t\t<\/a>\n\t\t\t\t<\/div>\n\t\t\t\t\t\t\t\t<\/div>\n\t\t\t\t<\/div>\n\t\t\t\t<\/div>\n\t\t<div class=\"elementor-element elementor-element-2a0383e4 e-con-full e-flex e-con e-child\" data-id=\"2a0383e4\" data-element_type=\"container\" data-e-type=\"container\">\n\t\t\t\t<\/div>\n\t\t\t\t<\/div>\n\t\t<div class=\"elementor-element elementor-element-340a9f08 e-con-full e-flex e-con e-child\" data-id=\"340a9f08\" data-element_type=\"container\" data-e-type=\"container\">\n\t\t\t\t<\/div>\n\t\t\t\t<\/div>\n\t\t\t\t\t<\/div>\n\t\t\t\t<\/div>\n\t\t\t\t<\/div>","protected":false},"excerpt":{"rendered":"<p>Alquiler Larga Temporada Encuentra el apartamento ideal para tus vacaciones en Tenerife Norte. Lugares \u00fanicos, equipados y listos para que disfrutes de una experiencia inolvidable. Vienes una larga temporada, descubre los apartamentos Reviva Casa Luz Apartamento en el coraz\u00f3n de Bajamar, donde comodidad y conveniencia se unen para ofrecerte una experiencia \u00fanica. Situado en pr\u00e1cticamente [&hellip;]<\/p>","protected":false},"author":1,"featured_media":0,"parent":0,"menu_order":0,"comment_status":"closed","ping_status":"closed","template":"","meta":{"site-sidebar-layout":"no-sidebar","site-content-layout":"page-builder","ast-site-content-layout":"full-width-container","site-content-style":"default","site-sidebar-style":"default","ast-global-header-display":"","ast-banner-title-visibility":"","ast-main-header-display":"","ast-hfb-above-header-display":"","ast-hfb-below-header-display":"","ast-hfb-mobile-header-display":"","site-post-title":"disabled","ast-breadcrumbs-content":"","ast-featured-img":"disabled","footer-sml-layout":"","ast-disable-related-posts":"","theme-transparent-header-meta":"","adv-header-id-meta":"","stick-header-meta":"","header-above-stick-meta":"","header-main-stick-meta":"","header-below-stick-meta":"","astra-migrate-meta-layouts":"set","ast-page-background-enabled":"default","ast-page-background-meta":{"desktop":{"background-color":"","background-image":"","background-repeat":"repeat","background-position":"center center","background-size":"auto","background-attachment":"scroll","background-type":"","background-media":"","overlay-type":"","overlay-color":"","overlay-opacity":"","overlay-gradient":""},"tablet":{"background-color":"","background-image":"","background-repeat":"repeat","background-position":"center center","background-size":"auto","background-attachment":"scroll","background-type":"","background-media":"","overlay-type":"","overlay-color":"","overlay-opacity":"","overlay-gradient":""},"mobile":{"background-color":"","background-image":"","background-repeat":"repeat","background-position":"center center","background-size":"auto","background-attachment":"scroll","background-type":"","background-media":"","overlay-type":"","overlay-color":"","overlay-opacity":"","overlay-gradient":""}},"ast-content-background-meta":{"desktop":{"background-color":"var(--ast-global-color-4)","background-image":"","background-repeat":"repeat","background-position":"center center","background-size":"auto","background-attachment":"scroll","background-type":"","background-media":"","overlay-type":"","overlay-color":"","overlay-opacity":"","overlay-gradient":""},"tablet":{"background-color":"var(--ast-global-color-4)","background-image":"","background-repeat":"repeat","background-position":"center center","background-size":"auto","background-attachment":"scroll","background-type":"","background-media":"","overlay-type":"","overlay-color":"","overlay-opacity":"","overlay-gradient":""},"mobile":{"background-color":"var(--ast-global-color-4)","background-image":"","background-repeat":"repeat","background-position":"center center","background-size":"auto","background-attachment":"scroll","background-type":"","background-media":"","overlay-type":"","overlay-color":"","overlay-opacity":"","overlay-gradient":""}},"footnotes":""},"class_list":["post-796","page","type-page","status-publish","hentry"],"_links":{"self":[{"href":"https:\/\/revivacanarias.com\/en\/wp-json\/wp\/v2\/pages\/796","targetHints":{"allow":["GET"]}}],"collection":[{"href":"https:\/\/revivacanarias.com\/en\/wp-json\/wp\/v2\/pages"}],"about":[{"href":"https:\/\/revivacanarias.com\/en\/wp-json\/wp\/v2\/types\/page"}],"author":[{"embeddable":true,"href":"https:\/\/revivacanarias.com\/en\/wp-json\/wp\/v2\/users\/1"}],"replies":[{"embeddable":true,"href":"https:\/\/revivacanarias.com\/en\/wp-json\/wp\/v2\/comments?post=796"}],"version-history":[{"count":29,"href":"https:\/\/revivacanarias.com\/en\/wp-json\/wp\/v2\/pages\/796\/revisions"}],"predecessor-version":[{"id":1489,"href":"https:\/\/revivacanarias.com\/en\/wp-json\/wp\/v2\/pages\/796\/revisions\/1489"}],"wp:attachment":[{"href":"https:\/\/revivacanarias.com\/en\/wp-json\/wp\/v2\/media?parent=796"}],"curies":[{"name":"wp","href":"https:\/\/api.w.org\/{rel}","templated":true}]}}